{"id":34,"date":"2022-10-21T12:14:19","date_gmt":"2022-10-21T10:14:19","guid":{"rendered":"https:\/\/ampertaler.de\/?page_id=34"},"modified":"2026-03-24T08:08:39","modified_gmt":"2026-03-24T07:08:39","slug":"ueber-uns","status":"publish","type":"page","link":"https:\/\/ampertaler.de\/?page_id=34","title":{"rendered":"\u00dcber uns"},"content":{"rendered":"\n<h2 class=\"wp-block-heading\">D&#8217;Ampertaler Dachau Vorstandschaft<\/h2>\n\n\n\n<h6>\n<pre>1. Vorstand: Alexander Durst\n2. Vorstand: Mathias Sch\u00f6pf\n\n1. Kassier: Frank Erhardt-Gudra\n2. Kassier: Alessandro Scardone\n\n1. Schriftf\u00fchrer: Hannes Schallermayer\n2. Schriftf\u00fchrer: Anthony Hohenegger\n\nTrachtenwart und Inventarverwalter: Benedikt Spalek\n\n1. Jugendleiter: Max Kn\u00f6tzinger\n2. Jugendleiterin: Monika Gasteiger\n\nDeandlvertretung: Ulli Prediger\n\nVort\u00e4nzer: Arno Canins\n\nF\u00e4hnrich: Uwe Pohl\n\nVereinsmusiker: Heinz Riedlbeck\n\nBeisitzer: Sandra Kreitmair, Stefan Joas, Karin Steinlechner\n\nKassenrevisor: Wolfgang Stolpe, Manfred Huber\n<\/pre>\n<\/h6>\n\n\n\n<h4 class=\"wp-block-heading\">gegr\u00fcndet 12. November 1912<\/h4>\n\n\n\n<p>Der Volkstrachten-Erhaltungsverein \u201eD\u2018Ampertaler Dachau&#8220; hat es sich zur Aufgabe gemacht, die Sitten und Br\u00e4uche der Alten zu pflegen und an die Jungen weiterzugeben. Dazu geh\u00f6rt der Gebrauch der heimischen Mundart, das Erlernen der Volkst\u00e4nze und Volkslieder und das Spielen echter Volksmusik. Die Hauptaufgabe ist der Erhalt, Pflege und das Tragen unserer historischen Dachauer Bauerntracht (um 1870).&nbsp;<\/p>\n\n\n\n<p>D\u00b4Ampertaler Dachau stehen f\u00fcr Brauchtums- und Traditionspflege in Dachau und im Dachauer Land. Obwohl die historische Tracht bei uns um 1890 fast nicht mehr getragen wurde, fanden sich im Zuge der bereits ab dieser Zeit einsetzenden Traditions- und Trachtenpflege im ganzen Bayernland Personen, die sich dieser Erhaltung bewusst waren und Vereine gr\u00fcndeten. Der erste Trachtenverein wurde 1883 in M\u00fcnchen (Hackerkeller) als Gebirgstrachtenverein gegr\u00fcndet. Auch wir als D\u2019Ampertaler f\u00fchrten zun\u00e4chst den Vereinsnamen \u201eGebirgstrachtenverein Ampertaler Dachau&#8220; und trugen eine Erneuerung der Gebirgstracht. Einige Mitglieder aber kleideten sich seit Gr\u00fcndung des Vereins in der historischen Dachauer Tracht. Diese wurde zwar bis in die 1920ger Jahre immer mehr durch die Gebirgstracht Verdr\u00e4ngt. Angeregt durch den Maler Prof. Hermann Stockmann fand diese aber wieder verst\u00e4rkt Gefallen. 2012 konnten wir Ampertaler unser 100j\u00e4hriges Jubil\u00e4um und zusammen mit dem Isargau M\u00fcnchen das 88. Isargaufest feiern, aber auch 100 Jahre direkter Kultur und Traditionspflege, die speziell f\u00fcr Dachau ein Aush\u00e4ngeschild sind und sich seit jeher als besondere Repr\u00e4sentation unserer Gegend darstellen. Wir konnten als Verein seit unserer Gr\u00fcndung an hunderten Trachtenfesten, Gaufesten, Umz\u00fcgen im bayerischen und deutschem Raum teilnehmen, die Stadtpartnerschaften mit Klagenfurt (K\u00e4rnten) und Fondi (Italien) f\u00fchrte uns \u00f6fters zu unseren Patenvereinen nach \u00d6sterreich und Italien. Auch bei Auslandsreisen wurde an diversen Umz\u00fcgen teilgenommen. Speziell mit der Stadt und dem Landkreis Dachau wurden viele Repr\u00e4sentationsaufgaben durchgef\u00fchrt, da unsere Tracht immer einen kulturellen H\u00f6hepunkt bei jeder Veranstaltung darstellt.<br><\/p>\n\n\n\n<p>Die Aktivit\u00e4ten des Vereins orientieren sich am kath. Kirchenjahr, den historischen Begebenheiten aus der bayerischen Geschichte und an den Festen und Programmen unserer Heimatstadt Dachau. Gem\u00e4\u00df der alten Sitten und Gebr\u00e4uche wechseln sich weltliche und kirchliche Feste ab.&nbsp;<\/p>\n\n\n\n<p>Wir freuen uns sehr \u00fcber, an unserer Tracht Interessierten. Da wir eine bestimmte Zeitepoche abbilden, beraten Sie die Mitglieder des Vorstandes gerne, bevor Sie sich etwas zulegen. Auch bei sonstigen Fragen z\u00f6gern Sie bitte nicht, mit uns Kontakt aufzunehmen.<\/p>\n\n\n\n<p><\/p>\n\n\n\n<p><\/p>\n\n\n\n<p><\/p>\n\n\n\n<p><\/p>\n\n\n\n<figure class=\"wp-block-image size-full\"><img loading=\"lazy\" decoding=\"async\" width=\"731\" height=\"683\" src=\"https:\/\/ampertaler.de\/wp-content\/uploads\/2022\/10\/Ueberuns2.jpg\" alt=\"\" class=\"wp-image-144\" srcset=\"https:\/\/ampertaler.de\/wp-content\/uploads\/2022\/10\/Ueberuns2.jpg 731w, https:\/\/ampertaler.de\/wp-content\/uploads\/2022\/10\/Ueberuns2-300x280.jpg 300w\" sizes=\"auto, (max-width: 731px) 100vw, 731px\" \/><\/figure>\n\n\n\n<h4 class=\"wp-block-heading\">Es ham mir Ampertalerleit<br>f\u00fcr`s guade Oide stets a Freid.<br>Zu jeder Zeit da steh ma ei,<br>f\u00fcr des wos echt und recht duad sei<\/h4>\n\n\n","protected":false},"excerpt":{"rendered":"<p>D&#8217;Ampertaler Dachau Vorstandschaft 1. Vorstand: Alexander Durst 2. Vorstand: Mathias Sch\u00f6pf 1. Kassier: Frank Erhardt-Gudra 2. Kassier: Alessandro Scardone 1. Schriftf\u00fchrer: Hannes Schallermayer 2. Schriftf\u00fchrer: Anthony Hohenegger Trachtenwart und Inventarverwalter: &hellip;<\/p>\n<p class=\"read-more\"> <a class=\"\" href=\"https:\/\/ampertaler.de\/?page_id=34\"> <span class=\"screen-reader-text\">\u00dcber uns<\/span> Weiterlesen &raquo;<\/a><\/p>\n","protected":false},"author":1,"featured_media":0,"parent":0,"menu_order":0,"comment_status":"closed","ping_status":"closed","template":"","meta":{"_eb_attr":"","site-sidebar-layout":"default","site-content-layout":"default","ast-global-header-display":"","ast-main-header-display":"","ast-hfb-above-header-display":"","ast-hfb-below-header-display":"","ast-hfb-mobile-header-display":"","site-post-title":"","ast-breadcrumbs-content":"","ast-featured-img":"","footer-sml-layout":"","theme-transparent-header-meta":"","adv-header-id-meta":"","stick-header-meta":"","header-above-stick-meta":"","header-main-stick-meta":"","header-below-stick-meta":"","ngg_post_thumbnail":0,"footnotes":""},"class_list":["post-34","page","type-page","status-publish","hentry"],"uagb_featured_image_src":{"full":false,"thumbnail":false,"medium":false,"medium_large":false,"large":false,"1536x1536":false,"2048x2048":false},"uagb_author_info":{"display_name":"SuperAdministrator","author_link":"https:\/\/ampertaler.de\/?author=1"},"uagb_comment_info":0,"uagb_excerpt":"D&#8217;Ampertaler Dachau Vorstandschaft 1. Vorstand: Alexander Durst 2. Vorstand: Mathias Sch\u00f6pf 1. Kassier: Frank Erhardt-Gudra 2. Kassier: Alessandro Scardone 1. Schriftf\u00fchrer: Hannes Schallermayer 2. Schriftf\u00fchrer: Anthony Hohenegger Trachtenwart und Inventarverwalter: &hellip; \u00dcber uns Weiterlesen &raquo;","_links":{"self":[{"href":"https:\/\/ampertaler.de\/index.php?rest_route=\/wp\/v2\/pages\/34","targetHints":{"allow":["GET"]}}],"collection":[{"href":"https:\/\/ampertaler.de\/index.php?rest_route=\/wp\/v2\/pages"}],"about":[{"href":"https:\/\/ampertaler.de\/index.php?rest_route=\/wp\/v2\/types\/page"}],"author":[{"embeddable":true,"href":"https:\/\/ampertaler.de\/index.php?rest_route=\/wp\/v2\/users\/1"}],"replies":[{"embeddable":true,"href":"https:\/\/ampertaler.de\/index.php?rest_route=%2Fwp%2Fv2%2Fcomments&post=34"}],"version-history":[{"count":34,"href":"https:\/\/ampertaler.de\/index.php?rest_route=\/wp\/v2\/pages\/34\/revisions"}],"predecessor-version":[{"id":1210,"href":"https:\/\/ampertaler.de\/index.php?rest_route=\/wp\/v2\/pages\/34\/revisions\/1210"}],"wp:attachment":[{"href":"https:\/\/ampertaler.de\/index.php?rest_route=%2Fwp%2Fv2%2Fmedia&parent=34"}],"curies":[{"name":"wp","href":"https:\/\/api.w.org\/{rel}","templated":true}]}}