{"id":32,"date":"2022-10-21T12:14:01","date_gmt":"2022-10-21T10:14:01","guid":{"rendered":"https:\/\/ampertaler.de\/?page_id=32"},"modified":"2022-10-21T15:25:37","modified_gmt":"2022-10-21T13:25:37","slug":"historisch","status":"publish","type":"page","link":"https:\/\/ampertaler.de\/?page_id=32","title":{"rendered":"Historisch"},"content":{"rendered":"\n<figure class=\"wp-block-image size-full\"><img loading=\"lazy\" decoding=\"async\" width=\"482\" height=\"353\" src=\"https:\/\/ampertaler.de\/wp-content\/uploads\/2022\/10\/Chronik_Ampertaler1.jpg\" alt=\"\" class=\"wp-image-103\" srcset=\"https:\/\/ampertaler.de\/wp-content\/uploads\/2022\/10\/Chronik_Ampertaler1.jpg 482w, https:\/\/ampertaler.de\/wp-content\/uploads\/2022\/10\/Chronik_Ampertaler1-300x220.jpg 300w\" sizes=\"auto, (max-width: 482px) 100vw, 482px\" \/><\/figure>\n\n\n\n<h3 class=\"wp-block-heading\"><em>Eine kleine Zeitreise durch 100 Jahre Vereinsgeschichte<\/em><\/h3>\n\n\n\n<p>Am 12. Dezember 1912 trafen sich Ludwig Wirth, Karl Bayer, Sebastian Euringer, Simon Sch\u00e4ffler und Michael Reichl und 10 weitere Freunde im Gasthaus \u201eDrei Rosen\u201c. Unter der ma\u00dfgeblichen Leitung von Ludwig Wirth gr\u00fcndeten sie den \u201eOberbayerischen Gebirgs- und Volkstrachten-Erhaltungsverein D`Ampertaler Dachau\u201c. Sie folgten damit wohl einer Zeiterscheinung und legten die Betonung auf Gebirgstrachten. Zwei von ihnen hatten in Kitzb\u00fchel und Reichenhall das Platteln gelernt.<\/p>\n\n\n\n<p>Am 13. Dezember 1913 wurden den Mitgliedern die Richtlinien und Statuten ausgeh\u00e4ndigt. Die Vorstandschaft bestand aus Vorstand, Kassier, Schriftf\u00fchrer, zwei Vorplattler, Jungwart und Revisor. Alte Br\u00e4uche, T\u00e4nze, Volkslieder, Volksmusik und vor allem die Trachten sollten gepflegt werden. Unter dem Einfluss von Prof. Hermann Stockmann r\u00fcckte aber bald die Dachauer Volkstracht in den Vordergrund ohne allerdings die Gebirgstracht zu verdr\u00e4ngen. 1913 Gr\u00fcndung des Museumsvereins Dachau.<\/p>\n\n\n\n<p>1914 trat der Verein dem Landesverband der Heimat-und Volkstrachten bei.<\/p>\n\n\n\n<p>Ab 1917 sind die Protokollb\u00fccher der D`Ampertaler Dachau erhalten.<\/p>\n\n\n\n<p>1921 am 8. Mai sollte die erste Fahne geweiht werden. Zum Preis von 4000 Reichsmark wurde sie von der Fahnenstickerei Auer in M\u00fcnchen nach einem Entwurf von Prof. Hermann Stockmann gefertigt. Stadtpfarrer Geistl. Rat Franz Xaver Taubenberger hielt in St. Jakob die hl. Messe, aber die Weihe wurde nicht vollzogen. Die Ampertaler hatten es vers\u00e4umt, beim Ordinariat eine Weihe zu beantragen. Voraussetzung daf\u00fcr w\u00e4re gewesen, dass auf der Fahne christliche Symbole zu finden sind. Zur Fahnenenth\u00fcllung mit anschlie\u00dfendem pr\u00e4chtigem Festzug erschienen trotzdem viele Vereine und das geplante Fest wurde gefeiert. 1921 Laut Amper-Boten vom 3. Sept. 1921 organisierten die Ampertaler unter der Leitung von Prof. Hermann Stockmann zum Volksfestbeginn unseren ersten historischen Umzug. Anschlie\u00dfend zeigten die Trachtler auf der Volksfestwiese (sp\u00e4ter Ludwig-Thoma-Wiese genannt) ihre Plattler und Volkst\u00e4nze.<\/p>\n\n\n\n<p>1922, bei der Fahnenweihe des Vereins \u201eNeu Edelwei\u00df Markt Schwaben\u201c am 14. Mai 1922 \u00fcbernahmen die Ampertaler die Patenschaft. Unsere Fahne wurde dabei mit geweiht, die Fahnenmutter war Anna Pfeiffer. Unseren Paten machte der Verein die \u201eD\u2019Schlieracher M\u00fcnchen\u201c. Wir waren bis zur Aufl\u00f6sung der \u201eD\u2018 Schlieracher\u201c im Jahr 1976 mit dem Verein eng verbunden. 1922 Zur Freude der vereinseigenen Kapelle konnten in diesem Jahr Musikinstrumente gekauft werden. Ferner f\u00fcr 35 Reichsmark zwei Frauenvolkstrachten.<\/p>\n\n\n\n<p>1923 Am 1. April 1923 feierten die \u201eStoahausen Kurz\u201c ihre Fahnenweihe. D\u2018Ampertaler Dachau machten bei dem um 23 Jahre \u00e4lteren Verein den Paten.<\/p>\n\n\n\n<p>1926 Nach vereinsinternen, handfesten Meinungsverschiedenheiten, spaltete sich der Verein in zwei Gruppen. Es bildete sich der reine Gebirgstrachtenverein \u201eD\u2018 Schlo\u00dfbergler Dachau\u201c. Die Schlo\u00dfbergler pflegen haupts\u00e4chlich die Gebirgstracht und das Schuhplatteln, die \u201eD\u2019Ampertaler&#8220; damals zus\u00e4tzlich noch die Volkstracht und den Volkstanz.<\/p>\n\n\n\n<p>Nach 1933 versuchten die damaligen Machthaber die beiden Vereine wieder zusammen zu schlie\u00dfen. Die Vorbehalte und Auflagen der D\u2018 Ampertaler verhinderten aber die Vereinigung. Die D\u2019Schlo\u00dfbergler sollten ihren Namen aufgeben, das wollten sie aber nicht.<\/p>\n\n\n\n<p>1934 beim Festzug zur Stadterhebung Dachaus, waren die D\u2018Ampertaler einer der Glanzpunkte. Den Kammerwagen und die Wagen der Handwerksgruppen plante Prof. Hermann Stockmann. Ein reichhaltiges Festprogramm begeisterte die Dachauer. 1936 gab der Gauvorstand bekannt, dass sich der Reichsverband der Heimat-und Volkstrachtenvereine freiwillig aufgel\u00f6st hat und in die NS-Gemeinschaft \u201eKraft durch Freude\u201c eingegliedert wurde. KdF war eine politische Organisation mit der Aufgabe, die Freizeit der Bev\u00f6lkerung zu \u00fcberwachen und gleichzuschalten.<\/p>\n\n\n\n<p>Ab 1936 begann f\u00fcr den Verein eine sehr schwierige, unfreie Zeit. Es gab keinen Vorstand mehr, er hie\u00df schon seit 1934 Vereinsf\u00fchrer und der Verein nannte sich \u201eTrachtengruppe der KdF\u201c.<\/p>\n\n\n\n<p>1937 war noch einmal ein H\u00f6hepunkt, Prof. Hermann Stockmann, der seit der (geplanten) Fahnenweihe am 8. Mai 1921 Ehrenmitglied war, wurde 70 Jahre alt. Er war Mitbegr\u00fcnder des Museumsvereins, plante und gestaltete das Dachauer Heimatmuseum und die Gem\u00e4ldegalerie und setzte sich immer wieder f\u00fcr die Pflege und den Erhalt der Dachauer Tracht ein. Gleichzeitig machte er sich Gedanken um die Erneuerung der Tracht.<\/p>\n\n\n\n<p>1939 begann der 2. Weltkrieg. Vereinsmitglieder wurden zur Wehrmacht eingezogen und kehrten nicht zur\u00fcck. 1941 trotz vieler Einschr\u00e4nkungen gr\u00fcndete Willy Zoor eine Jugendvolkstanzgruppe.<\/p>\n\n\n\n<p>1945 unter der amerikanischen Milit\u00e4rregierung, trug der Verein die Bezeichnung \u201eKost\u00fcm-Club\u201c, da sich die Amerikaner unter einem Trachtenverein nichts vorstellen konnten. Unter Michael Reichl beschlossen die noch verbliebenen Mitglieder den Wiederaufbau des Vereins. Willy Zoor wurde Ampertaler und k\u00fcmmerte sich erfolgreich um die Jugend, sie sollte wieder Freude am Tanzen und Platteln bekommen.<\/p>\n\n\n\n<p>1947 wurden D\u2018Ampertaler Mitglied beim Isargau der Heimat- und Trachtenvereine.<\/p>\n\n\n\n<p>1952 wurde wieder der Versuch unternommen die Dachauer Tracht zu erneuern. Der Lehrer Heinrich Neumeier, Frau Dr. Barbara Br\u00fcckner, der damalige Bezirksheimatpfleger von Oberbayern Paul Ernst Rattelm\u00fcller und der 1. Vorstand der Ampertaler Michael Trinkl, entwarfen eine neue leichtere Form der Tracht. Diese Variante war im Heimatmuseum ausgestellt. Richtig durchgesetzt hat sich dieses Gewand aber nicht. Die historische M\u00e4nner- und Buamatracht ist so schneidig, dass sie weiter unver\u00e4ndert getragen wurde. Bei der Frauentracht hat sich sp\u00e4ter ein leichtes Dirndl herausgebildet, das von Dachauer B\u00fcrgerinnen gern bei festlichen Anl\u00e4ssen getragen wird. Mit einer Kopfbedeckung versehen k\u00f6nnte es sogar als \u201eErneuerte Dachauer Tracht\u201c durchgehen. Der Franz Eder und sein Maral haben sich dazu schon Gedanken gemacht. Ein sogenanntes \u201eBramerl\u201c w\u00fcrde passen. Aber das besondere der Dachauer Dirndlund Frauentracht ist nach wie vor der schwere, historische Tragmiederrock und die Schleifenhaube. Diese Trachtenteile und die Faltenstiefel der M\u00e4nner sind die Merkmale der \u00fcberall bekannten und bewunderten Dachauer Tracht.<\/p>\n\n\n\n<p>1953 zum 40-j\u00e4hrigen Gr\u00fcndungsfest des Vereins (mit einem Jahr Versp\u00e4tung), fand das Isargaufest mit gro\u00dfem Heimatabend in Dachau statt. Ein Festausschuss unter der Schirmherrschaft des Landrates wurde gebildet. Das Programm im 3500 Personen fassenden Zelt konnte als voller Erfolg verbucht werden. Es wurden Trachten gekauft.<\/p>\n\n\n\n<p>1955 am 30. Oktober \u00e4nderte der Verein seinen Status und seinen Namen in \u201eVolkstrachten Erhaltungsverein D`Ampertaler Dachau\u201c.<\/p>\n\n\n\n<p>1965 besuchte die K\u00f6nigin Elisabeth von England M\u00fcnchen. Beim Staatsempfang standen auch D\u2018Ampertaler vor der Residenz Spalier.<\/p>\n\n\n\n<p>1968 am 14. November sendete der Bayerische Rundfunk eine einst\u00fcndige Reportage, die \u00fcber Ursprung, Gestaltung und Erhalt der Dachauer Tracht informierte.<\/p>\n\n\n\n<p>1972 zum 60-j\u00e4hrigen Gr\u00fcndungsfest unter dem Vorstand Franz Eder, fand das 53. Isargaufest wieder in Dachau statt. Die Weihe der zweiten Fahne stand unter der Patenschaft der \u201eFalkenstoaner M\u00fcnchen\u201c. Fahnenmutter war Resi Mayer, die Frau des 1958 verstorbenen Vereinsmusikers Hans Mayer sen. Die feierliche Messe fand in St. Jakob statt. Den gro\u00dfen Festzug durch die Stadt bildeten 85 Vereine, vier Musikkapellen, drei Jugendkapellen, zwei Spielmannsz\u00fcge und Schweizer Alphornbl\u00e4ser. 1983 Der Verein bestand aus 200 erwachsenen Mitgliedern und 35 Jugendlichen unter 17 Jahren. Damals war der Altersaufbau gut, jedes Lebensalter und jeder Stand ausreichend vertreten.<\/p>\n\n\n\n<p>1984 drehte Kurt Wilhelm f\u00fcr das Fernsehen die \u201eHochzeit\u201c, von Ludwig Thoma. F\u00fcr die mitwirkenden Vereinsmitglieder waren diese Drehtage ein unvergessenes Erlebnis, besonders f\u00fcr Eder Franz als Hochzeitslader.<\/p>\n\n\n\n<p>1992 zum 80-j\u00e4hrigen Gr\u00fcndungsfest des Vereins, stand bei der Fahnenweihe \u201eVTG Edelwei\u00df Klagenfurt\u201c Pate. Die Fahnenmutter wurde Kathi Ahamer. Gefeiert wurde im Festzelt auf der Thomawiese, durch den Festakt f\u00fchrten Andreas Wagner und Helmut Mohl. Dar\u00fcber gibt es einen Film, gedreht von Hr. Gilk, organisiert von Dionys Schmid. 1992 bekam der Verein unter Vorstand Helmut Mohl den Kron Maus-Preis verliehen.<\/p>\n\n\n\n<p>2000 holte der Verein, unter Leitung von Vorstand Helmut Mohl, das Isargaufest wieder nach Dachau. Dieser Kraftakt lohnte sich, denn die Freude und der Jubel der Dachauer, trotz Regen beim Festumzug, lie\u00df alle M\u00fche vergessen.<\/p>\n\n\n\n<p>2001: Josef Nickelsbacher wurde 1. Vorstand und Helmut Mohl Ehrenvorstand. 2001 erhielt der Verein eine neue Satzung. Der Name wurde in Volkstrachten-Erhaltungsverein D`Ampertaler Dachau e.V. umbenannt.<\/p>\n\n\n\n<p>2002 zum 90-j\u00e4hrigen Gr\u00fcndungsfest unter Vorstand Josef Nickelsbacher, feierten die Ampertaler im Thomahaus Geburtstag. In einem kleinen, gelungenen Theaterst\u00fcck lie\u00df Franz Eder und Andreas Wagner noch einmal die Geschichte des Vereins Revue passieren. Dazu zeigten die gro\u00dfen und kleinen Ampertaler ihre historischen T\u00e4nze.<\/p>\n\n\n\n<p>2005 zur 1200-Jahrfeier der Stadt Dachau, bereicherten die Ampertaler das Festprogramm mit der Auff\u00fchrung einer Bauernhochzeit, frei nach Ludwig Thoma, unter der Leitung von Franz Eder und Andreas Wagner. Die Braut kam aus den eigenen Reihen, den Br\u00e4utigam stellte unser Patenverein Edelwei\u00df Klagenfurt. Es war ein sehr gelungener Abend. Beim gro\u00dfen Festumzug der Stadt stellten die Ampertaler einen Hochzeitszug zusammen, mit Kindern, Brautpaar, Kammerwagen und Festg\u00e4sten in Tracht. Ein farbenpr\u00e4chtiger Beitrag.<\/p>\n\n\n\n<p>2006: Einladung nach Klagenfurt zum Heimatherbst auf der Schleppealm. 2006 Fahrt nach Br\u00fcnn zum Internationalen Folklorefestival. 2006 Alle 1.Vorst\u00e4nde des Isargaues, darunter unser Vorstand Josef Nickelsbacher und seine Frau Annelies, waren zur Begr\u00fc\u00dfung des Papstes Benedikt des XVI. auf den Flughafen Erding geladen. Die Papstmesse wurde in Riem gefeiert. 2006 verstarb unser Ehrenvorstand und Isargautrachtenwart Helmut Mohl, Tr\u00e4ger des Bundesverdienstkreuzes. Er trat 1968 dem Verein bei. Von 19.06.1976 bis zum 30.03.2001 war er 1. Vorstand.<\/p>\n\n\n\n<p>2007 flog der Verein mit ca. 30 Personen zur Steubenparade nach New York. 2007 wurde Robert Gasteiger 1. Vorstand und Josef Nickelsbacher Ehrenvorstand.<\/p>\n\n\n\n<p>2008: Die Tanzgruppe nahm am Isargaufest und der Feier zur 850-Jahrfeier der Stadt M\u00fcnchen teil.<\/p>\n\n\n\n<p>2009: Fahrt nach Rom. Audienz bei Papst Benedikt dem XVI. und Besuch bei Dachaus Partnerstadt Fondi.<\/p>\n\n\n\n<p>2010: Die Aktive Tanzgruppe und die Jugend der D`Ampertaler traten auf der \u201eHistorischen Wiesen\u201c in M\u00fcnchen auf.<\/p>\n\n\n\n<p>2012: 100 Jahre D`Ampertaler Dachau wurde unter der Leitung des 1. Vorstandes Robert Gasteiger mit dem Isargaufest 2012 gefeiert.<\/p>\n\n\n\n<p>Dank unserem Ehrenmitglied <strong>Franz Eder mit Andi Wagner,<\/strong> die sich federf\u00fchrend um den Festabend und den Programm-ablauf f\u00fcr das Gaufest k\u00fcmmerten.<\/p>\n\n\n\n<p><strong>Stefanie und Harald Schneider, <\/strong>die am Gelingen der Festschrift ma\u00dfgeblich mitgewirkt haben und unserem<\/p>\n\n\n\n<p><strong>Dieter Hentzschel<\/strong> f\u00fcr seine Bem\u00fchungen bei der Herstellung unseres DVD Films \u201e100 Jahre D\u2018Ampertaler Dachau e. V \u201c.<\/p>\n\n\n\n<figure class=\"wp-block-image size-full\"><img loading=\"lazy\" decoding=\"async\" width=\"711\" height=\"488\" src=\"https:\/\/ampertaler.de\/wp-content\/uploads\/2022\/10\/Ueberuns3.jpg\" alt=\"\" class=\"wp-image-105\" srcset=\"https:\/\/ampertaler.de\/wp-content\/uploads\/2022\/10\/Ueberuns3.jpg 711w, https:\/\/ampertaler.de\/wp-content\/uploads\/2022\/10\/Ueberuns3-300x206.jpg 300w\" sizes=\"auto, (max-width: 711px) 100vw, 711px\" \/><figcaption><strong>Ehrung Robert Gasteiger<\/strong><\/figcaption><\/figure>\n\n\n\n<p>Am 9. M\u00e4rz 2013 konnte unser damaliger&nbsp;Vorstand Gasteiger seinen zahlreichen Ehrungen eine weitere hinzuf\u00fcgen. W\u00e4hrend unseres Hoagartn\u00b4s bekam unser \u201eGsode&#8220; von Bezirkstagspr\u00e4sident Josef Mederer die Bezirksmedaille \u00fcberreicht. Grund hierf\u00fcr war und ist sein unerm\u00fcdliches Engagement f\u00fcr die Tracht, das Brauchtum und die Kultur im Dachauer Raum. &#8222;Wir sind stolz auf Dich, lieber Gsode!&#8220;<\/p>\n\n\n\n<p><strong>Abschlie\u00dfend noch ein Dank der Dachauer Presse:<\/strong><br>Dachauer Nachrichten, S\u00fcddeutsche Zeitung, Dachauer Kurier und Dachauer Rundschau, die immer einen Platz f\u00fcr unsere Artikel finden.<br><br><\/p>\n\n\n\n<h3 class=\"wp-block-heading\">Auf die n\u00e4chsten 100 Jahre !!!<\/h3>\n\n\n\n<figure class=\"wp-block-image size-full\"><img loading=\"lazy\" decoding=\"async\" width=\"396\" height=\"308\" src=\"https:\/\/ampertaler.de\/wp-content\/uploads\/2022\/10\/Chronik_Ampertaler2.jpg\" alt=\"\" class=\"wp-image-106\" srcset=\"https:\/\/ampertaler.de\/wp-content\/uploads\/2022\/10\/Chronik_Ampertaler2.jpg 396w, https:\/\/ampertaler.de\/wp-content\/uploads\/2022\/10\/Chronik_Ampertaler2-300x233.jpg 300w\" sizes=\"auto, (max-width: 396px) 100vw, 396px\" \/><\/figure>\n","protected":false},"excerpt":{"rendered":"<p>Eine kleine Zeitreise durch 100 Jahre Vereinsgeschichte Am 12. Dezember 1912 trafen sich Ludwig Wirth, Karl Bayer, Sebastian Euringer, Simon Sch\u00e4ffler und Michael Reichl und 10 weitere Freunde im Gasthaus &hellip;<\/p>\n<p class=\"read-more\"> <a class=\"\" href=\"https:\/\/ampertaler.de\/?page_id=32\"> <span class=\"screen-reader-text\">Historisch<\/span> Weiterlesen &raquo;<\/a><\/p>\n","protected":false},"author":1,"featured_media":0,"parent":0,"menu_order":0,"comment_status":"closed","ping_status":"closed","template":"","meta":{"_eb_attr":"","site-sidebar-layout":"default","site-content-layout":"default","ast-global-header-display":"","ast-main-header-display":"","ast-hfb-above-header-display":"","ast-hfb-below-header-display":"","ast-hfb-mobile-header-display":"","site-post-title":"","ast-breadcrumbs-content":"","ast-featured-img":"","footer-sml-layout":"","theme-transparent-header-meta":"","adv-header-id-meta":"","stick-header-meta":"","header-above-stick-meta":"","header-main-stick-meta":"","header-below-stick-meta":"","ngg_post_thumbnail":0,"footnotes":""},"class_list":["post-32","page","type-page","status-publish","hentry"],"uagb_featured_image_src":{"full":false,"thumbnail":false,"medium":false,"medium_large":false,"large":false,"1536x1536":false,"2048x2048":false},"uagb_author_info":{"display_name":"SuperAdministrator","author_link":"https:\/\/ampertaler.de\/?author=1"},"uagb_comment_info":0,"uagb_excerpt":"Eine kleine Zeitreise durch 100 Jahre Vereinsgeschichte Am 12. Dezember 1912 trafen sich Ludwig Wirth, Karl Bayer, Sebastian Euringer, Simon Sch\u00e4ffler und Michael Reichl und 10 weitere Freunde im Gasthaus &hellip; Historisch Weiterlesen &raquo;","_links":{"self":[{"href":"https:\/\/ampertaler.de\/index.php?rest_route=\/wp\/v2\/pages\/32","targetHints":{"allow":["GET"]}}],"collection":[{"href":"https:\/\/ampertaler.de\/index.php?rest_route=\/wp\/v2\/pages"}],"about":[{"href":"https:\/\/ampertaler.de\/index.php?rest_route=\/wp\/v2\/types\/page"}],"author":[{"embeddable":true,"href":"https:\/\/ampertaler.de\/index.php?rest_route=\/wp\/v2\/users\/1"}],"replies":[{"embeddable":true,"href":"https:\/\/ampertaler.de\/index.php?rest_route=%2Fwp%2Fv2%2Fcomments&post=32"}],"version-history":[{"count":3,"href":"https:\/\/ampertaler.de\/index.php?rest_route=\/wp\/v2\/pages\/32\/revisions"}],"predecessor-version":[{"id":107,"href":"https:\/\/ampertaler.de\/index.php?rest_route=\/wp\/v2\/pages\/32\/revisions\/107"}],"wp:attachment":[{"href":"https:\/\/ampertaler.de\/index.php?rest_route=%2Fwp%2Fv2%2Fmedia&parent=32"}],"curies":[{"name":"wp","href":"https:\/\/api.w.org\/{rel}","templated":true}]}}