{"id":22,"date":"2022-10-21T12:14:25","date_gmt":"2022-10-21T10:14:25","guid":{"rendered":"https:\/\/ampertaler.de\/?page_id=22"},"modified":"2022-10-21T16:05:43","modified_gmt":"2022-10-21T14:05:43","slug":"unsere-jugend","status":"publish","type":"page","link":"https:\/\/ampertaler.de\/?page_id=22","title":{"rendered":"Unsere Jugend"},"content":{"rendered":"\n<figure class=\"wp-block-image size-full\"><img loading=\"lazy\" decoding=\"async\" width=\"688\" height=\"480\" src=\"https:\/\/ampertaler.de\/wp-content\/uploads\/2022\/10\/Seehofer_mitAmpertalern.jpg\" alt=\"\" class=\"wp-image-146\" srcset=\"https:\/\/ampertaler.de\/wp-content\/uploads\/2022\/10\/Seehofer_mitAmpertalern.jpg 688w, https:\/\/ampertaler.de\/wp-content\/uploads\/2022\/10\/Seehofer_mitAmpertalern-300x209.jpg 300w\" sizes=\"auto, (max-width: 688px) 100vw, 688px\" \/><\/figure>\n\n\n\n<p><strong><em>Trachten- und Sch\u00fctzenzug 2015<\/em><\/strong><\/p>\n\n\n\n<p><strong><em>Es war ein stimmungsvoller Auftakt zum Trachten- und Sch\u00fctzenzug bei sch\u00f6nem Herbstwetter und gottlob nur wenigen Regentropfen. Sichtlich stolz und nat\u00fcrlich auch ein bisserl \u00fcberrascht waren die Deandln und Buam der Ampertaler Jugendtanzgruppe schon. Allesamt fesch in ihrer sch\u00f6nen Original Dachauer Tracht war&nbsp; es doch ein besonderes Erlebnis, denn sie durften sich mit unserem Bayerischen Ministerpr\u00e4sidenten Horst Seehofer fotografieren lassen, bevor dieser mit Ehefrau Karin in der Festkutsche platznahm.<\/em><\/strong><\/p>\n\n\n\n<p><em>Jugendleitung, Evi Wittmann<\/em><\/p>\n\n\n\n<p><strong>\u201eSitt` und Tracht der Alten wollen wir erhalten\u201d,<\/strong> diesem Leitspruch verschrieben sich die Mitglieder der D\u2019Ampertaler und sind ihm bis heute treu geblieben. Unser Verein in Dachau mit ca. 40.000 Einwohnern nordwestlich von M\u00fcnchen wurde bereits 1912 gegr\u00fcndet und hat heute \u00fcber 400 Mitglieder. Davon sind derzeit ca. 60 Kinder und Jugendliche bei uns im Verein gemeldet, 12 Paare aktiv tanzend in der Gruppe. Der Volkstrachten-Erhaltungsverein hat es sich zur Aufgabe gemacht, nicht nur die Sitten und Gebr\u00e4uche der Alten zu pflegen, sondern diese an die Jungen weiterzugeben. Tracht Brauchtum, Tradition und Jugendarbeit, was auf den ersten Blick in der heutigen Zeit schwierig erscheint, gelingt uns recht gut. Mit seinen Jugendleitern ist die Jugendorganisation im Kreisjugendring organisiert und wird von der Stadt Dachau unterst\u00fctzt. Dachauer Volkstracht, wie sie um 1850 bis 1870 in Dachau und Umgebung zu festlichen Anl\u00e4ssen getragen wurde.<\/p>\n\n\n\n<p>F\u00fcr Kinder und Jugendliche, welche aktiv am Vereinsgeschehen teilnehmen, stellt der Verein Leihtrachten zur Verf\u00fcgung. Die Aktivit\u00e4ten der D\u2019Ampertaler orientieren sich am kath. Kirchenjahr, den historischen Gegebenheiten aus der bayerischen Geschichte und an den Festen und Programmen unserer Heimatstadt Dachau. Zu den Standardt\u00e4nzen unserer Kinder, welche im Dachauer Raum getanzt wurden, geh\u00f6ren neben dem Schustertanz die Sternpolka und drei paar lederne Str\u00fcmpf\u2019, auch der Siebenschritt, Kikeriki (gesungen und getanzt), Boarischer, Kreuzpolka, Bauernmadl, Woaf und der Hans Adam. Der bekannte Tanz \u201edrei lederne Str\u00fcmpf\u201c hat seinen Schwerpunkt \u00fcbrigens im alemannischen Gebiet, reicht aber auch nach Tirol und Vorarlberg, wo er schon 1819 nachzuweisen ist. Das Erlernen nicht unbedingt typischer Dachauer T\u00e4nze wie z. B. der Holsteiner Dreitour, dem lustigen Kirchtagstanz, dem Fr\u00f6hlichen Kreis und vielen Anderen machen den Kindern viel Spa\u00df. Es zeigt ihnen die Vielfalt der T\u00e4nze auf und bringt Abwechslung in die Jugendtanzproben, welche im Abstand von zwei Wochen in Dachau abgehalten werden. Zu Akkordeonkl\u00e4ngen \u00fcben die Kinder die T\u00e4nze ein.<br><\/p>\n\n\n\n<h4 class=\"wp-block-heading\">Bei offiziellen Auftritten zeigen die Tanzpaare gerne in der feschen historischen Tracht, was sie gelernt haben.<\/h4>\n\n\n\n<figure class=\"wp-block-image size-full\"><img loading=\"lazy\" decoding=\"async\" width=\"576\" height=\"384\" src=\"https:\/\/ampertaler.de\/wp-content\/uploads\/2022\/10\/Dachauer_Jugend.jpg\" alt=\"\" class=\"wp-image-147\" srcset=\"https:\/\/ampertaler.de\/wp-content\/uploads\/2022\/10\/Dachauer_Jugend.jpg 576w, https:\/\/ampertaler.de\/wp-content\/uploads\/2022\/10\/Dachauer_Jugend-300x200.jpg 300w\" sizes=\"auto, (max-width: 576px) 100vw, 576px\" \/><\/figure>\n\n\n\n<p>Genauso wichtig ist auch die heimische Mundart. Sprache als ein Ausdruck von Heimatliebe, seine Identit\u00e4t, seine Wurzeln zu pflegen, st\u00e4rkt das Heimatgef\u00fchl. Dialekte zuzulassen, bevor diese in Vergessenheit geraten. Bayerisch \u2013 irgendwann pass\u00e9, weil es keiner mehr beherrscht, w\u00e4re sehr schade. Wir achten darauf, dass wir Dialekt sprechen, in der Tracht h\u00f6rt sich ein \u201eTsch\u00fcss\u201c doch etwas komisch an. Aufgabe eines zeitgem\u00e4\u00dfen Vereins ist ja auch das Kultivieren der Sprache. Die bayerische Mundart trifft auf positive Resonanz: Bayrisch gef\u00e4llt den meisten gut, sonst w\u00fcrden die Leute nicht vermehrt Dirndl, Tracht und Lederhosen tragen.<\/p>\n\n\n\n<figure class=\"wp-block-image size-full\"><img loading=\"lazy\" decoding=\"async\" width=\"640\" height=\"331\" src=\"https:\/\/ampertaler.de\/wp-content\/uploads\/2022\/10\/Dachauer_Jugend2.jpg\" alt=\"\" class=\"wp-image-148\" srcset=\"https:\/\/ampertaler.de\/wp-content\/uploads\/2022\/10\/Dachauer_Jugend2.jpg 640w, https:\/\/ampertaler.de\/wp-content\/uploads\/2022\/10\/Dachauer_Jugend2-300x155.jpg 300w\" sizes=\"auto, (max-width: 640px) 100vw, 640px\" \/><\/figure>\n\n\n\n<p>Die Tatsache, dass die Zeit aufgrund h\u00f6herer Anforderungen in der Schule immer knapper wird und das Freizeitangebot f\u00fcr die Jugend sehr gro\u00df ist, macht die Jugendarbeit im Verein nicht einfacher. Gemeinsame Ausfl\u00fcge mit den Eltern und Gro\u00dfeltern f\u00f6rdern die Gemeinschaft. So waren wir mit der Gruppe im Naturpark Altm\u00fchltal mit Besichtigung der Tropfsteinh\u00f6hle. Es gab einen Besuch der Greifvogelschau im Falkenhof Schloss Rosenhof, einen Badeausflug in die K\u00f6nigsthermen von K\u00f6nigsbrunn, einen Bootsausflug am Starnberger See und den Besuch im Zirkus Krone. Gl\u00fccklich k\u00f6nnen wir uns sch\u00e4tzen \u00fcber die Unterst\u00fctzung, die wir seitens der Stadt Dachau erfahren. Es ist uns immer eine besondere Ehre, wenn wir unsere Heimatstadt in und auch \u00fcber die Stadtgrenzen hinaus in unserer Historischen Tracht repr\u00e4sentieren d\u00fcrfen. Eine besondere \u00dcberraschung und Ehre war es auch f\u00fcr uns Jugendleiter, als es hie\u00df: Evi Wittmann und Lothar Mann haben sich als Jugendleiter des Trachtenvereins D\u2019Ampertaler mit gro\u00dfem ehrenamtlichen Engagement um die Kinder und Jugendlichen verdient gemacht, daf\u00fcr m\u00f6chten sich die Stadt Dachau und der Jugendrat der Stadt Dachau herzlich bedanken. Die Gro\u00dfe Kreisstadt Dachau und der Jugendrat der Gro\u00dfen Kreisstadt Dachau verliehen an Evi Wittmann und Lothar Mann den Dachauer Jugendpreis 2011. Der Preis, der von Herrn Oberb\u00fcrgermeister Peter B\u00fcrgel gestiftet wird, ist mit 200 Euro dotiert und soll f\u00fcr die Jugendarbeit der Ampertaler verwendet werden.<br><\/p>\n\n\n\n<p>Es gab attraktive Aktionen wie z. B. den Auftritt f\u00fcr die Stadt Dachau auf der gro\u00dfen BR B\u00fchne unter dem Motto: \u201eStadt Dachau: D\u2019Ampertaler Dachau \u2013 oberbayerischer Volkstanz und Trachten&#8220;. Die Auftaktveranstaltung zum Golfturnier \u201eLadies German Open\u201c mit unserer Tanzgruppe zu bereichern \u2013 ein Auftritt im gem\u00fctlichen Wirtsgarten Mariabrunn f\u00fcr die Profispielerinnen \u2013 machte die Kinder sichtlich stolz. \u201eBayern ist nun mal bekannt f\u00fcr seine Gem\u00fctlichkeit und Kultur, genau das wollen wir den Spielerinnen zeigen\u201c sagte der Turnierdirektor Nikolaus Pelzer. Basteltage mit gemeinsamem Mittagessen, sind immer turbulent, lehrreich und sollen die Kinder zum kreativen Gestalten inspirieren. An solchen Tagen, meist waren es Wochenenden, entstanden unter den geschickten H\u00e4nden der Kinder f\u00fcr den Palmsonntag unsere legend\u00e4ren Palmstangen oder auch Osterpalmen genannt. Die Ampertaler tanzen nicht nur \u2013 sie basteln sogar eine Osteruhr! Bunte Gockerl und Bl\u00fcten, Ranken und Ostermotive ebenso wie ein vorbereitetes Zifferblatt mit Serviettentechnik auf eine Sperrholzplatte aufgeklebt, Quarzwerk, Zeiger und Batterie montiert, fertig war die Osteruhr. Dass unsere Kindergruppe auch Weihekorbdeckerl und Tischdecken mit Holzmodeln in Handdrucktechnik mit \u00f6sterlichen Motiven selbst gestaltet, hat gar unseren lieben Geistlichen Rat Herrn Pfarrer Reinhold Langenberger in eine der zahlreichen Bastelnachmittage schauen lassen. Mit professioneller Unterst\u00fctzung unseres Schreiners Reiner Seuss, Vater von vier quirligen T\u00e4nzern, konnte sich jeder aus unserer Gruppe Weihnachten 2011 ein Futterh\u00e4uschen f\u00fcr die gefiederten Freunde bauen.<\/p>\n\n\n\n<p>Das m\u00fchevolle Einstudieren und Proben der T\u00e4nze allein w\u00e4re langweilig, k\u00f6nnten die Jugendlichen nicht auch zeigen, wie gut sie es gelernt haben. Zur Ausstellungser\u00f6ffnung im Altom\u00fcnsterer Museum 2010, haben sie mit einer kleinen \u00dcberraschung aufwarten k\u00f6nnen und erstmals wieder den Bandltanz aufgef\u00fchrt. Dieser wurde zur Stadterhebungsfeier 1934 auf dem Rathausplatz in Dachau getanzt. Eine Brauereier\u00f6ffnung am Ammersee, eine historische Zeitreise in Pfaffenhofen an der Glonn sowie ein Auftritt am Tag der offenen T\u00fcr bei \u201eDahoam is Dahoam\u201c in Lansing l\u00e4sst nat\u00fcrlich die Kinderherzen h\u00f6her schlagen. Traditionell gibt es jedes Jahr einen Deutsch-Griechischen Abend mit unseren griechischen Freunden. Unter dem Motto \u201eKirchweih mit den Ampertalern feiern\u201c, bei Hochzeiten dem Brautpaar mit einem Tanz aufwarten, bei Geburtstagen und Kapellenweihe pr\u00e4sent sein, der Einladung des Pflegeheims in Dachau Ost, wie auch der des Marienstiftes in Dachau S\u00fcd folgen sowie den Seniorennachmittagen im Pfarrheim Maria Himmelfahrt oder zum Gelingen der \u201eLangen Tafel\u201c beizutragen, sind uns ebenfalls liebe Verpflichtungen.<\/p>\n\n\n\n<p>Ein besonderer H\u00f6hepunkt darf nicht unerw\u00e4hnt bleiben. Die D\u2019Ampertaler Kindertanzgruppe \u2013 weltoffen f\u00fcr alle Kulturen. Die Tsuchie-Kagura Kinder-Gruppe aus der Stadt Iwami, Ortsteil Tsuchie aus Japan, die zum 15. Japanfest 2010 der Deutsch-Japanischen Gesellschaft in M\u00fcnchen erstmalig nach Deutschland gekommen ist, um ihre T\u00e4nze aufzuf\u00fchren, besuchte die D\u2019Ampertaler Kindertanzgruppe. F\u00fcr zwei Tage wurden die japanischen Kinder herzlichst von Familien unserer Tanzgruppe aufgenommen und bekamen einen kleinen Einblick in unsere bayerische Kultur. Erstaunlicherweise haben die Kinder die F\u00e4higkeit, sich auch ohne Sprachkenntnisse miteinander zu verst\u00e4ndigen und somit gab es nur positive Eindr\u00fccke w\u00e4hrend des Aufenthalts in den Dachauer Gastfamilien. Wir Jugendleiter durften uns gl\u00fccklich sch\u00e4tzen, traten doch die japanischen G\u00e4ste im Thomahaus in Dachau auf und zeigten in fantasievollen, farbenpr\u00e4chtigen Kost\u00fcmen zauberhafte Kostproben ihrer traditionellen T\u00e4nze. Als besonderes Schmankerl tanzten die Ampertalerkinder gemeinsam mit den japanischen G\u00e4sten zu den Akkordeonkl\u00e4ngen von Lothar Mann den \u201eSiebenschritt\u201c und den \u201eFr\u00f6hlichen Kreis\u201c in ihren sch\u00f6nen Kost\u00fcmen und Trachten. \u00dcbrigens bestehen bis zum heutigen Tage in Prittlbach und Vierkirchen deutsch-japanische Kontakte, \u00fcber die wir uns sehr freuen. Ebenso gerne zeigen die kleinen Trachtlerinnen und Trachtler ihr K\u00f6nnen bei den vereinseigenen Hoagartn und Weihnachtsfeiern, da sogar mit Tanz, Musik, Gesang und Theaterdarbietungen. Besonders erw\u00e4hnenswert ist nat\u00fcrlich den Auftakt zum Dachauer Volksfest \u2013 zum Volksfesteinzug kommen neben der Aktivgruppe auch viele Kinder und Jugendliche in Dachauer Tracht \u2013 ob\u2019s denn wohl an den kostenlosen Gutscheinen f\u00fcr die Fahrgesch\u00e4fte, gesponsert von der Stadt Dachau und den Schaustellern liegen mag? Hauptsache, alle sind mit Spa\u00df und Freude dabei. Dies gilt auch f\u00fcr den gro\u00dfen Trachten- und Sch\u00fctzenzug zum M\u00fcnchner Oktoberfest. Alle Aktionen hier aufzuz\u00e4hlen w\u00e4re zu viel des Guten und w\u00fcrde den Rahmen sprengen.<\/p>\n\n\n\n<p>Wir Jugendleiter versuchen den Kindern Spa\u00df und Freude an der Tracht, dem Brauchtum und der Tradition zu vermitteln und Ihr Interesse an der regionalen Kultur zu f\u00f6rdern. Sie zu begeistern, dass sie dem Verein als aktive Mitglieder erhalten bleiben, die \u00fcberlieferten Werte pflegen, weitergeben und auch zeigen, wie sch\u00f6n und lebendig gelebte und \u00fcberlieferte Kultur der Heimat sein kann. Trotz der von Au\u00dfenstehenden oft falsch verstandenen Liebe zum Brauchtum und zur Heimat zeigt sich vor allem bei internationalen und interkulturellen Treffen, dass Trachtenvereine sehr tolerant und offen sind. Gemeinsames Singen, Musizieren und Tanzen verbindet. Unsere Jugendleiter sehen sich in der Pflicht und versuchen dies den uns anvertrauten Kindern zu vermitteln. Denn ein wenig mehr Zeit und Lust f\u00fcr ein geselliges Miteinander und F\u00fcreinander, zur\u00fcck zur Bodenst\u00e4ndigkeit in unserem so normalverr\u00fcckten Alltag, wo so vieles leider zu kurz kommt, sollte unser aller Bestreben sein, um unsere heutige Zeit lebenswert zu gestalten und die Tradition zu erhalten.<\/p>\n\n\n\n<figure class=\"wp-block-image size-full is-resized\"><img loading=\"lazy\" decoding=\"async\" src=\"https:\/\/ampertaler.de\/wp-content\/uploads\/2022\/10\/Dachauer_Jugend3.jpg\" alt=\"\" class=\"wp-image-150\" width=\"403\" height=\"403\" srcset=\"https:\/\/ampertaler.de\/wp-content\/uploads\/2022\/10\/Dachauer_Jugend3.jpg 403w, https:\/\/ampertaler.de\/wp-content\/uploads\/2022\/10\/Dachauer_Jugend3-300x300.jpg 300w, https:\/\/ampertaler.de\/wp-content\/uploads\/2022\/10\/Dachauer_Jugend3-150x150.jpg 150w\" sizes=\"auto, (max-width: 403px) 100vw, 403px\" \/><figcaption>Fotos: Bennis Pics, Foto Sessner, Hans Steinbrech<\/figcaption><\/figure>\n","protected":false},"excerpt":{"rendered":"<p>Trachten- und Sch\u00fctzenzug 2015 Es war ein stimmungsvoller Auftakt zum Trachten- und Sch\u00fctzenzug bei sch\u00f6nem Herbstwetter und gottlob nur wenigen Regentropfen. Sichtlich stolz und nat\u00fcrlich auch ein bisserl \u00fcberrascht waren &hellip;<\/p>\n<p class=\"read-more\"> <a class=\"\" href=\"https:\/\/ampertaler.de\/?page_id=22\"> <span class=\"screen-reader-text\">Unsere Jugend<\/span> Weiterlesen &raquo;<\/a><\/p>\n","protected":false},"author":1,"featured_media":0,"parent":0,"menu_order":0,"comment_status":"closed","ping_status":"closed","template":"","meta":{"_eb_attr":"","site-sidebar-layout":"default","site-content-layout":"default","ast-global-header-display":"","ast-main-header-display":"","ast-hfb-above-header-display":"","ast-hfb-below-header-display":"","ast-hfb-mobile-header-display":"","site-post-title":"","ast-breadcrumbs-content":"","ast-featured-img":"","footer-sml-layout":"","theme-transparent-header-meta":"","adv-header-id-meta":"","stick-header-meta":"","header-above-stick-meta":"","header-main-stick-meta":"","header-below-stick-meta":"","ngg_post_thumbnail":0,"footnotes":""},"class_list":["post-22","page","type-page","status-publish","hentry"],"uagb_featured_image_src":{"full":false,"thumbnail":false,"medium":false,"medium_large":false,"large":false,"1536x1536":false,"2048x2048":false},"uagb_author_info":{"display_name":"SuperAdministrator","author_link":"https:\/\/ampertaler.de\/?author=1"},"uagb_comment_info":0,"uagb_excerpt":"Trachten- und Sch\u00fctzenzug 2015 Es war ein stimmungsvoller Auftakt zum Trachten- und Sch\u00fctzenzug bei sch\u00f6nem Herbstwetter und gottlob nur wenigen Regentropfen. Sichtlich stolz und nat\u00fcrlich auch ein bisserl \u00fcberrascht waren &hellip; Unsere Jugend Weiterlesen &raquo;","_links":{"self":[{"href":"https:\/\/ampertaler.de\/index.php?rest_route=\/wp\/v2\/pages\/22","targetHints":{"allow":["GET"]}}],"collection":[{"href":"https:\/\/ampertaler.de\/index.php?rest_route=\/wp\/v2\/pages"}],"about":[{"href":"https:\/\/ampertaler.de\/index.php?rest_route=\/wp\/v2\/types\/page"}],"author":[{"embeddable":true,"href":"https:\/\/ampertaler.de\/index.php?rest_route=\/wp\/v2\/users\/1"}],"replies":[{"embeddable":true,"href":"https:\/\/ampertaler.de\/index.php?rest_route=%2Fwp%2Fv2%2Fcomments&post=22"}],"version-history":[{"count":4,"href":"https:\/\/ampertaler.de\/index.php?rest_route=\/wp\/v2\/pages\/22\/revisions"}],"predecessor-version":[{"id":153,"href":"https:\/\/ampertaler.de\/index.php?rest_route=\/wp\/v2\/pages\/22\/revisions\/153"}],"wp:attachment":[{"href":"https:\/\/ampertaler.de\/index.php?rest_route=%2Fwp%2Fv2%2Fmedia&parent=22"}],"curies":[{"name":"wp","href":"https:\/\/api.w.org\/{rel}","templated":true}]}}