{"id":216,"date":"2022-10-24T15:12:49","date_gmt":"2022-10-24T13:12:49","guid":{"rendered":"https:\/\/ampertaler.de\/?page_id=216"},"modified":"2022-12-18T17:00:22","modified_gmt":"2022-12-18T16:00:22","slug":"216-2","status":"publish","type":"page","link":"https:\/\/ampertaler.de\/","title":{"rendered":"Startseite"},"content":{"rendered":"\n<div class=\"wp-block-uagb-container uagb-block-2ea236d1 alignfull uagb-is-root-container\"><div class=\"uagb-container-inner-blocks-wrap\">\n<div class=\"wp-block-uagb-info-box uagb-block-0b8580ac uagb-infobox__content-wrap  uagb-infobox-icon-above-title uagb-infobox-image-valign-top\"><div class=\"uagb-ifb-content\"><div class=\"uagb-ifb-title-wrap\"><span class=\"uagb-ifb-title-prefix\">Gr\u00fc\u00df Gott auf der Seite von&#8230;<\/span><div class=\"uagb-ifb-separator\"><\/div><h1 class=\"uagb-ifb-title\">D&#8217;Ampertaler Dachau e. V.<\/h1><\/div><\/div><\/div>\n<\/div><\/div>\n\n\n\n<div class=\"wp-block-uagb-container uagb-block-aa96b00e alignfull uagb-is-root-container\"><div class=\"uagb-container-inner-blocks-wrap\">\n<div class=\"wp-block-uagb-container uagb-block-f0b4c94d\">\n<div class=\"wp-block-uagb-image uagb-block-a1acda92 wp-block-uagb-image--layout-default wp-block-uagb-image--effect-static wp-block-uagb-image--align-none\"><figure class=\"wp-block-uagb-image__figure\"><img loading=\"lazy\" decoding=\"async\" srcset=\"https:\/\/ampertaler.de\/wp-content\/uploads\/2022\/10\/quote-1.png ,https:\/\/ampertaler.de\/wp-content\/uploads\/2022\/10\/quote-1.png 780w\" src=\"https:\/\/ampertaler.de\/wp-content\/uploads\/2022\/10\/quote-1.png\" alt=\"\" class=\"uag-image-322\" width=\"94\" height=\"72\" title=\"\"\/><\/figure><\/div>\n<\/div>\n\n\n\n<div class=\"wp-block-uagb-container uagb-block-d7d118f9\">\n<div class=\"wp-block-uagb-advanced-heading uagb-block-4e4a91ac\"><p class=\"uagb-heading-text\">\u201cSitt und Tracht der Alten wollen wir erhalten\u201d<\/p><p class=\"uagb-desc-text\">&#8211; Leitspruch der D&#8217;Ampertaler Dachau<\/p><\/div>\n<\/div>\n<\/div><\/div>\n\n\n\n<div class=\"wp-block-uagb-container uagb-block-c69b5930 alignfull uagb-is-root-container\"><div class=\"uagb-container-inner-blocks-wrap\">\n<div class=\"wp-block-uagb-container uagb-block-25015ca8\">\n<div class=\"wp-block-uagb-info-box uagb-block-d942e306 uagb-infobox__content-wrap  uagb-infobox-icon-above-title uagb-infobox-image-valign-top\"><div class=\"uagb-ifb-content\"><div class=\"uagb-ifb-title-wrap\"><h2 class=\"uagb-ifb-title\">Kultur erhalten<\/h2><\/div><div class=\"uagb-ifb-separator\"><\/div><p class=\"uagb-ifb-desc\">Der Volkstrachten-Erhaltungsverein \u201eD\u2018Ampertaler Dachau&#8220; hat es sich zur Aufgabe gemacht, die Sitten und Br\u00e4uche der Alten zu pflegen und an die Jungen weiterzugeben. Dazu geh\u00f6rt der Gebrauch der heimischen Mundart, das Erlernen der Volkst\u00e4nze und Volkslieder und das Spielen echter Volksmusik. Die Hauptaufgabe ist der Erhalt, Pflege und das Tragen unserer historischen Dachauer Bauerntracht (um 1870).<\/p><div class=\"uagb-ifb-button-wrapper wp-block-button\"><a href=\"https:\/\/ampertaler.de\/?page_id=34\" class=\"uagb-infobox-cta-link wp-block-button__link\" target=\"_self\" rel=\"noopener noreferrer\" alt=\"\"><span class=\"uagb-inline-editing\">mehr erfahren<\/span><\/a><\/div><\/div><\/div>\n<\/div>\n<\/div><\/div>\n","protected":false},"excerpt":{"rendered":"","protected":false},"author":1,"featured_media":0,"parent":0,"menu_order":0,"comment_status":"closed","ping_status":"closed","template":"","meta":{"_eb_attr":"","site-sidebar-layout":"default","site-content-layout":"default","ast-global-header-display":"","ast-main-header-display":"","ast-hfb-above-header-display":"","ast-hfb-below-header-display":"","ast-hfb-mobile-header-display":"","site-post-title":"disabled","ast-breadcrumbs-content":"","ast-featured-img":"","footer-sml-layout":"","theme-transparent-header-meta":"","adv-header-id-meta":"","stick-header-meta":"","header-above-stick-meta":"","header-main-stick-meta":"","header-below-stick-meta":"","ngg_post_thumbnail":0,"footnotes":""},"class_list":["post-216","page","type-page","status-publish","hentry"],"uagb_featured_image_src":{"full":false,"thumbnail":false,"medium":false,"medium_large":false,"large":false,"1536x1536":false,"2048x2048":false},"uagb_author_info":{"display_name":"SuperAdministrator","author_link":"https:\/\/ampertaler.de\/?author=1"},"uagb_comment_info":0,"uagb_excerpt":null,"_links":{"self":[{"href":"https:\/\/ampertaler.de\/index.php?rest_route=\/wp\/v2\/pages\/216","targetHints":{"allow":["GET"]}}],"collection":[{"href":"https:\/\/ampertaler.de\/index.php?rest_route=\/wp\/v2\/pages"}],"about":[{"href":"https:\/\/ampertaler.de\/index.php?rest_route=\/wp\/v2\/types\/page"}],"author":[{"embeddable":true,"href":"https:\/\/ampertaler.de\/index.php?rest_route=\/wp\/v2\/users\/1"}],"replies":[{"embeddable":true,"href":"https:\/\/ampertaler.de\/index.php?rest_route=%2Fwp%2Fv2%2Fcomments&post=216"}],"version-history":[{"count":29,"href":"https:\/\/ampertaler.de\/index.php?rest_route=\/wp\/v2\/pages\/216\/revisions"}],"predecessor-version":[{"id":381,"href":"https:\/\/ampertaler.de\/index.php?rest_route=\/wp\/v2\/pages\/216\/revisions\/381"}],"wp:attachment":[{"href":"https:\/\/ampertaler.de\/index.php?rest_route=%2Fwp%2Fv2%2Fmedia&parent=216"}],"curies":[{"name":"wp","href":"https:\/\/api.w.org\/{rel}","templated":true}]}}