{"id":12,"date":"2022-10-21T12:05:26","date_gmt":"2022-10-21T10:05:26","guid":{"rendered":"https:\/\/ampertaler.de\/?page_id=12"},"modified":"2026-03-21T16:46:49","modified_gmt":"2026-03-21T15:46:49","slug":"impressum","status":"publish","type":"page","link":"https:\/\/ampertaler.de\/?page_id=12","title":{"rendered":"Impressum"},"content":{"rendered":"\n<h2 class=\"wp-block-heading\" id=\"m3\"><\/h2>\n\n\n\n<p><strong>Volkstrachten-Erhaltungsverein &#8222;D&#8217;Ampertaler Dachau&#8220; e.V.<\/strong><\/p>\n\n\n\n<p>Vertreten durch:<\/p>\n\n\n\n<p>Alexander Durst<\/p>\n\n\n\n<p>1. Vorstand<\/p>\n\n\n\n<p>Ostenstrasse 22, 85221 Dachau<\/p>\n\n\n\n<p><\/p>\n\n\n\n<p>Telefon: +49 (0)151 \/ 70029093<\/p>\n\n\n\n<p>Email: <a href=\"mailto:Vorstand@ampertaler.de\">Vorstand@ampertaler.de<\/a><\/p>\n\n\n\n<p>Registergericht: Amtsgericht M\u00fcnchen<\/p>\n\n\n\n<p>Registernummer: VR 20632&nbsp;<\/p>\n\n\n\n<p>Verantwortlich im Sinne des \u00a7 18 Abs. 2 MStV:&nbsp;<\/p>\n\n\n\n<p>Alexander Durst, Ostenstrasse 22, 85221 Dachau<\/p>\n\n\n\n<p><\/p>\n\n\n\n<p><\/p>\n\n\n\n<p><strong>Streitschlichtung<\/strong><\/p>\n\n\n\n<p>Wir erkl\u00e4ren, dass wir zur Teilnahme an einem Streitbeilegungsverfahren vor einer Verbraucherschlichtungsstelle weder verpflichtet noch bereit sind.<\/p>\n\n\n\n<p><strong>Haftungsbeschr\u00e4nkung<\/strong><\/p>\n\n\n\n<p>Die Inhalte dieser Website wurden mit gr\u00f6\u00dftm\u00f6glicher Sorgfalt und nach bestem Wissen erstellt. Als Diensteanbieter \u00fcbernehmen jedoch keine Gew\u00e4hr f\u00fcr die Richtigkeit, Vollst\u00e4ndigkeit und Aktualit\u00e4t der bereitgestellten Inhalte.&nbsp;<\/p>\n\n\n\n<p>Die Nutzung der Inhalte der Website erfolgt auf eigene Gefahr des Nutzers.<\/p>\n\n\n\n<p>Namentlich gekennzeichnete Beitr\u00e4ge geben die Meinung des jeweiligen Autors und nicht immer die Meinung des Anbieters wieder.&nbsp;<\/p>\n\n\n\n<p><strong>Externe Links<\/strong><\/p>\n\n\n\n<p>Diese Website enth\u00e4lt Verlinkungen zu Websites Dritter (\u201eexterne Links\u201c), auf deren Inhalte wir keinen Einfluss haben. F\u00fcr diese Inhalte ist stets der jeweilige Anbieter oder Betreiber der verlinkten Seiten verantwortlich.<\/p>\n\n\n\n<p>Die verlinkten Seiten wurden zum Zeitpunkt der erstmaligen Verlinkung auf m\u00f6gliche Rechtsverst\u00f6\u00dfe \u00fcberpr\u00fcft. Zu dem Zeitpunkt waren keine Rechtsverst\u00f6\u00dfe ersichtlich.&nbsp;<\/p>\n\n\n\n<p>Der Anbieter hat keinerlei Einfluss auf die aktuelle und zuk\u00fcnftige Gestaltung und auf die Inhalte der verkn\u00fcpften Seiten.&nbsp;<\/p>\n\n\n\n<p>Eine dauerhafte inhaltliche Kontrolle der verlinkten Seiten ist ohne konkrete Anhaltspunkte einer Rechtsverletzung nicht zumutbar.<\/p>\n\n\n\n<p>Wir machen uns die Inhalte der verlinkten Seiten ausdr\u00fccklich nicht zu eigen und distanzieren uns vorsorglich von allen Inhalten, die gegen geltendes Recht versto\u00dfen oder Rechte Dritter verletzen k\u00f6nnten. Sobald uns Rechtsverletzungen bekannt werden, werden wir derartige Links unverz\u00fcglich entfernen.<\/p>\n\n\n\n<p>Insbesondere gelten mit Betreten der neuen Internetseite die Datenschutzbestimmungen der Internetseite, die Sie aufgerufen haben. Bitte machen Sie sich mit den dort geltenden Datenschutzbestimmungen vertraut.<\/p>\n\n\n\n<p><strong>Urheber- und Leistungsschutzrechte<\/strong><\/p>\n\n\n\n<p>Die auf dieser Website ver\u00f6ffentlichten Inhalte unterliegen dem deutschen Urheber- und Leistungsschutzrecht.<\/p>\n\n\n\n<p>Jede vom deutschen Urheber- und Leistungsschutzrecht nicht zugelassene Verwertung bedarf der vorherigen schriftlichen Zustimmung des Anbieters oder jeweiligen Rechteinhabers.&nbsp;<\/p>\n\n\n\n<p>Dies gilt insbesondere f\u00fcr Vervielf\u00e4ltigung, Bearbeitung, \u00dcbersetzung, Einspeicherung, Verarbeitung bzw. Wiedergabe von Inhalten in Datenbanken oder anderen elektronischen Medien und Systemen.<\/p>\n\n\n\n<p>Soweit Inhalte auf dieser Seite nicht vom Betreiber erstellt wurden, werden die Urheberrechte Dritter beachtet und entsprechende Inhalte als solche gekennzeichnet.<\/p>\n\n\n\n<p>Sollten Sie dennoch auf eine m\u00f6gliche Urheberrechtsverletzung aufmerksam werden, bitten wir um einen entsprechenden Hinweis. Bei Bekanntwerden von Rechtsverletzungen werden wir derartige Inhalte umgehend entfernen.<\/p>\n\n\n\n<p><br><\/p>\n\n\n\n<p><\/p>\n\n\n\n<p><\/p>\n\n\n\n<p><\/p>\n","protected":false},"excerpt":{"rendered":"<p>Volkstrachten-Erhaltungsverein &#8222;D&#8217;Ampertaler Dachau&#8220; e.V. Vertreten durch: Alexander Durst 1. Vorstand Ostenstrasse 22, 85221 Dachau Telefon: +49 (0)151 \/ 70029093 Email: Vorstand@ampertaler.de Registergericht: Amtsgericht M\u00fcnchen Registernummer: VR 20632&nbsp; Verantwortlich im Sinne &hellip;<\/p>\n<p class=\"read-more\"> <a class=\"\" href=\"https:\/\/ampertaler.de\/?page_id=12\"> <span class=\"screen-reader-text\">Impressum<\/span> Weiterlesen &raquo;<\/a><\/p>\n","protected":false},"author":1,"featured_media":0,"parent":0,"menu_order":0,"comment_status":"closed","ping_status":"closed","template":"","meta":{"_eb_attr":"","site-sidebar-layout":"default","site-content-layout":"default","ast-global-header-display":"","ast-main-header-display":"","ast-hfb-above-header-display":"","ast-hfb-below-header-display":"","ast-hfb-mobile-header-display":"","site-post-title":"","ast-breadcrumbs-content":"","ast-featured-img":"","footer-sml-layout":"","theme-transparent-header-meta":"","adv-header-id-meta":"","stick-header-meta":"","header-above-stick-meta":"","header-main-stick-meta":"","header-below-stick-meta":"","ngg_post_thumbnail":0,"footnotes":""},"class_list":["post-12","page","type-page","status-publish","hentry"],"uagb_featured_image_src":{"full":false,"thumbnail":false,"medium":false,"medium_large":false,"large":false,"1536x1536":false,"2048x2048":false},"uagb_author_info":{"display_name":"SuperAdministrator","author_link":"https:\/\/ampertaler.de\/?author=1"},"uagb_comment_info":0,"uagb_excerpt":"Volkstrachten-Erhaltungsverein &#8222;D&#8217;Ampertaler Dachau&#8220; e.V. Vertreten durch: Alexander Durst 1. Vorstand Ostenstrasse 22, 85221 Dachau Telefon: +49 (0)151 \/ 70029093 Email: Vorstand@ampertaler.de Registergericht: Amtsgericht M\u00fcnchen Registernummer: VR 20632&nbsp; Verantwortlich im Sinne &hellip; Impressum Weiterlesen &raquo;","_links":{"self":[{"href":"https:\/\/ampertaler.de\/index.php?rest_route=\/wp\/v2\/pages\/12","targetHints":{"allow":["GET"]}}],"collection":[{"href":"https:\/\/ampertaler.de\/index.php?rest_route=\/wp\/v2\/pages"}],"about":[{"href":"https:\/\/ampertaler.de\/index.php?rest_route=\/wp\/v2\/types\/page"}],"author":[{"embeddable":true,"href":"https:\/\/ampertaler.de\/index.php?rest_route=\/wp\/v2\/users\/1"}],"replies":[{"embeddable":true,"href":"https:\/\/ampertaler.de\/index.php?rest_route=%2Fwp%2Fv2%2Fcomments&post=12"}],"version-history":[{"count":11,"href":"https:\/\/ampertaler.de\/index.php?rest_route=\/wp\/v2\/pages\/12\/revisions"}],"predecessor-version":[{"id":1209,"href":"https:\/\/ampertaler.de\/index.php?rest_route=\/wp\/v2\/pages\/12\/revisions\/1209"}],"wp:attachment":[{"href":"https:\/\/ampertaler.de\/index.php?rest_route=%2Fwp%2Fv2%2Fmedia&parent=12"}],"curies":[{"name":"wp","href":"https:\/\/api.w.org\/{rel}","templated":true}]}}